{"id":425,"date":"2019-02-14T11:34:46","date_gmt":"2019-02-14T10:34:46","guid":{"rendered":"https:\/\/go-ko.pl\/?post_type=product&#038;p=425"},"modified":"2025-03-04T16:24:25","modified_gmt":"2025-03-04T15:24:25","slug":"wyrob-goko-gm001-750","status":"publish","type":"product","link":"https:\/\/go-ko.pl\/de\/produkt\/wyrob-goko-gm001-750\/","title":{"rendered":"Wyr\u00f3b GOKO"},"content":{"rendered":"<p><strong>Gwarancja zadowolenia albo zwrot pieni\u0119dzy! Je\u015bli nie poczujesz r\u00f3\u017cnicy mo\u017cesz zwr\u00f3ci\u0107 GOKO, masz na to 30 dni!<\/strong><\/p>\n<p>GOKO to wysokiej jako\u015bci wyr\u00f3b, kt\u00f3ry pozwala przyj\u0105\u0107 najlepsz\u0105 anatomicznie pozycj\u0119 do wypr\u00f3\u017cniania si\u0119. Zosta\u0142o zaprojektowane z dba\u0142o\u015bci\u0105 o ka\u017cdy szczeg\u00f3\u0142 i wykonane z najlepszych dost\u0119pnych na rynku materia\u0142\u00f3w.<\/p>\n<table>\n<tbody>\n<tr>\n<td style=\"width: 144.042px;\">Wysoko\u015b\u0107<\/td>\n<td style=\"width: 100.042px;\">86 cm<\/td>\n<td style=\"width: 202.042px;\">Szeroko\u015b\u0107<\/td>\n<td style=\"width: 102.708px;\">40 cm<\/td>\n<\/tr>\n<tr>\n<td style=\"width: 144.042px;\">Waga<\/td>\n<td style=\"width: 100.042px;\">1,2 kg<\/td>\n<td style=\"width: 202.042px;\">\u015arednica uchwytu<\/td>\n<td style=\"width: 102.708px;\">5 cm<\/td>\n<\/tr>\n<\/tbody>\n<\/table>\n<p>&nbsp;<\/p>\n","protected":false},"excerpt":{"rendered":"<p>Gwarancja zadowolenia albo zwrot pieni\u0119dzy! Je\u015bli nie poczujesz r\u00f3\u017cnicy mo\u017cesz zwr\u00f3ci\u0107 GOKO, masz na to 30 dni! GOKO to wysokiej jako\u015bci wyr\u00f3b, kt\u00f3ry pozwala przyj\u0105\u0107 najlepsz\u0105 anatomicznie pozycj\u0119 do wypr\u00f3\u017cniania si\u0119. Zosta\u0142o zaprojektowane z dba\u0142o\u015bci\u0105 o ka\u017cdy szczeg\u00f3\u0142 i wykonane z najlepszych dost\u0119pnych na rynku materia\u0142\u00f3w. Wysoko\u015b\u0107 86 cm Szeroko\u015b\u0107 40 cm Waga 1,2 kg [&hellip;]<\/p>\n","protected":false},"featured_media":11,"template":"","meta":{"inline_featured_image":false},"product_cat":[15],"product_tag":[],"acf":[],"yoast_head":"<!-- This site is optimized with the Yoast SEO plugin v20.10 - https:\/\/yoast.com\/wordpress\/plugins\/seo\/ -->\n<title>Urz\u0105dzenie GOKO - Naturalnie, na co dzie\u0144<\/title>\n<meta name=\"description\" content=\"Zapraszamy do zakupu urz\u0105dzenia GOKO, kt\u00f3re zrewolucjonizowa\u0142o podej\u015bcie do wypr\u00f3\u017cniania. Zadbaj o siebie i pozb\u0105d\u017a si\u0119 wstydliwych problem\u00f3w. Zam\u00f3w GOKO ju\u017c dzi\u015b.\" \/>\n<meta name=\"robots\" content=\"index, follow, max-snippet:-1, max-image-preview:large, max-video-preview:-1\" \/>\n<link rel=\"canonical\" href=\"https:\/\/go-ko.pl\/produkt\/wyrob-goko-gm001-750\/\" \/>\n<meta property=\"og:locale\" content=\"de_DE\" \/>\n<meta property=\"og:type\" content=\"article\" \/>\n<meta property=\"og:title\" content=\"Urz\u0105dzenie GOKO - Naturalnie, na co dzie\u0144\" \/>\n<meta property=\"og:description\" content=\"Zapraszamy do zakupu urz\u0105dzenia GOKO, kt\u00f3re zrewolucjonizowa\u0142o podej\u015bcie do wypr\u00f3\u017cniania. Zadbaj o siebie i pozb\u0105d\u017a si\u0119 wstydliwych problem\u00f3w. Zam\u00f3w GOKO ju\u017c dzi\u015b.\" \/>\n<meta property=\"og:url\" content=\"https:\/\/go-ko.pl\/produkt\/wyrob-goko-gm001-750\/\" \/>\n<meta property=\"og:site_name\" content=\"GOKO\" \/>\n<meta property=\"article:modified_time\" content=\"2025-03-04T15:24:25+00:00\" \/>\n<meta property=\"og:image\" content=\"https:\/\/go-ko.pl\/wp-content\/uploads\/2018\/11\/goko.png\" \/>\n\t<meta property=\"og:image:width\" content=\"419\" \/>\n\t<meta property=\"og:image:height\" content=\"860\" \/>\n\t<meta property=\"og:image:type\" content=\"image\/png\" \/>\n<meta name=\"twitter:card\" content=\"summary_large_image\" \/>\n<meta name=\"twitter:label1\" content=\"Gesch\u00e4tzte Lesezeit\" \/>\n\t<meta name=\"twitter:data1\" content=\"1\u00a0Minute\" \/>\n<script type=\"application\/ld+json\" class=\"yoast-schema-graph\">{\"@context\":\"https:\/\/schema.org\",\"@graph\":[{\"@type\":\"WebPage\",\"@id\":\"https:\/\/go-ko.pl\/produkt\/wyrob-goko-gm001-750\/\",\"url\":\"https:\/\/go-ko.pl\/produkt\/wyrob-goko-gm001-750\/\",\"name\":\"Urz\u0105dzenie GOKO - Naturalnie, na co dzie\u0144\",\"isPartOf\":{\"@id\":\"https:\/\/go-ko.pl\/#website\"},\"datePublished\":\"2019-02-14T10:34:46+00:00\",\"dateModified\":\"2025-03-04T15:24:25+00:00\",\"description\":\"Zapraszamy do zakupu urz\u0105dzenia GOKO, kt\u00f3re zrewolucjonizowa\u0142o podej\u015bcie do wypr\u00f3\u017cniania. Zadbaj o siebie i pozb\u0105d\u017a si\u0119 wstydliwych problem\u00f3w. Zam\u00f3w GOKO ju\u017c dzi\u015b.\",\"breadcrumb\":{\"@id\":\"https:\/\/go-ko.pl\/produkt\/wyrob-goko-gm001-750\/#breadcrumb\"},\"inLanguage\":\"de\",\"potentialAction\":[{\"@type\":\"ReadAction\",\"target\":[\"https:\/\/go-ko.pl\/produkt\/wyrob-goko-gm001-750\/\"]}]},{\"@type\":\"BreadcrumbList\",\"@id\":\"https:\/\/go-ko.pl\/produkt\/wyrob-goko-gm001-750\/#breadcrumb\",\"itemListElement\":[{\"@type\":\"ListItem\",\"position\":1,\"name\":\"Home\",\"item\":\"https:\/\/go-ko.pl\/\"},{\"@type\":\"ListItem\",\"position\":2,\"name\":\"Sklep\",\"item\":\"https:\/\/go-ko.pl\/sklep\/\"},{\"@type\":\"ListItem\",\"position\":3,\"name\":\"Wyr\u00f3b GOKO\"}]},{\"@type\":\"WebSite\",\"@id\":\"https:\/\/go-ko.pl\/#website\",\"url\":\"https:\/\/go-ko.pl\/\",\"name\":\"GOKO\",\"description\":\"\",\"publisher\":{\"@id\":\"https:\/\/go-ko.pl\/#organization\"},\"potentialAction\":[{\"@type\":\"SearchAction\",\"target\":{\"@type\":\"EntryPoint\",\"urlTemplate\":\"https:\/\/go-ko.pl\/?s={search_term_string}\"},\"query-input\":\"required name=search_term_string\"}],\"inLanguage\":\"de\"},{\"@type\":\"Organization\",\"@id\":\"https:\/\/go-ko.pl\/#organization\",\"name\":\"GOKO\",\"url\":\"https:\/\/go-ko.pl\/\",\"logo\":{\"@type\":\"ImageObject\",\"inLanguage\":\"de\",\"@id\":\"https:\/\/go-ko.pl\/#\/schema\/logo\/image\/\",\"url\":\"https:\/\/go-ko.pl\/wp-content\/uploads\/2019\/04\/GOKO-logo.jpg\",\"contentUrl\":\"https:\/\/go-ko.pl\/wp-content\/uploads\/2019\/04\/GOKO-logo.jpg\",\"width\":790,\"height\":726,\"caption\":\"GOKO\"},\"image\":{\"@id\":\"https:\/\/go-ko.pl\/#\/schema\/logo\/image\/\"}}]}<\/script>\n<!-- \/ Yoast SEO plugin. -->","yoast_head_json":{"title":"Urz\u0105dzenie GOKO - Naturalnie, na co dzie\u0144","description":"Zapraszamy do zakupu urz\u0105dzenia GOKO, kt\u00f3re zrewolucjonizowa\u0142o podej\u015bcie do wypr\u00f3\u017cniania. Zadbaj o siebie i pozb\u0105d\u017a si\u0119 wstydliwych problem\u00f3w. Zam\u00f3w GOKO ju\u017c dzi\u015b.","robots":{"index":"index","follow":"follow","max-snippet":"max-snippet:-1","max-image-preview":"max-image-preview:large","max-video-preview":"max-video-preview:-1"},"canonical":"https:\/\/go-ko.pl\/produkt\/wyrob-goko-gm001-750\/","og_locale":"de_DE","og_type":"article","og_title":"Urz\u0105dzenie GOKO - Naturalnie, na co dzie\u0144","og_description":"Zapraszamy do zakupu urz\u0105dzenia GOKO, kt\u00f3re zrewolucjonizowa\u0142o podej\u015bcie do wypr\u00f3\u017cniania. Zadbaj o siebie i pozb\u0105d\u017a si\u0119 wstydliwych problem\u00f3w. Zam\u00f3w GOKO ju\u017c dzi\u015b.","og_url":"https:\/\/go-ko.pl\/produkt\/wyrob-goko-gm001-750\/","og_site_name":"GOKO","article_modified_time":"2025-03-04T15:24:25+00:00","og_image":[{"width":419,"height":860,"url":"https:\/\/go-ko.pl\/wp-content\/uploads\/2018\/11\/goko.png","type":"image\/png"}],"twitter_card":"summary_large_image","twitter_misc":{"Gesch\u00e4tzte Lesezeit":"1\u00a0Minute"},"schema":{"@context":"https:\/\/schema.org","@graph":[{"@type":"WebPage","@id":"https:\/\/go-ko.pl\/produkt\/wyrob-goko-gm001-750\/","url":"https:\/\/go-ko.pl\/produkt\/wyrob-goko-gm001-750\/","name":"Urz\u0105dzenie GOKO - Naturalnie, na co dzie\u0144","isPartOf":{"@id":"https:\/\/go-ko.pl\/#website"},"datePublished":"2019-02-14T10:34:46+00:00","dateModified":"2025-03-04T15:24:25+00:00","description":"Zapraszamy do zakupu urz\u0105dzenia GOKO, kt\u00f3re zrewolucjonizowa\u0142o podej\u015bcie do wypr\u00f3\u017cniania. Zadbaj o siebie i pozb\u0105d\u017a si\u0119 wstydliwych problem\u00f3w. Zam\u00f3w GOKO ju\u017c dzi\u015b.","breadcrumb":{"@id":"https:\/\/go-ko.pl\/produkt\/wyrob-goko-gm001-750\/#breadcrumb"},"inLanguage":"de","potentialAction":[{"@type":"ReadAction","target":["https:\/\/go-ko.pl\/produkt\/wyrob-goko-gm001-750\/"]}]},{"@type":"BreadcrumbList","@id":"https:\/\/go-ko.pl\/produkt\/wyrob-goko-gm001-750\/#breadcrumb","itemListElement":[{"@type":"ListItem","position":1,"name":"Home","item":"https:\/\/go-ko.pl\/"},{"@type":"ListItem","position":2,"name":"Sklep","item":"https:\/\/go-ko.pl\/sklep\/"},{"@type":"ListItem","position":3,"name":"Wyr\u00f3b GOKO"}]},{"@type":"WebSite","@id":"https:\/\/go-ko.pl\/#website","url":"https:\/\/go-ko.pl\/","name":"GOKO","description":"","publisher":{"@id":"https:\/\/go-ko.pl\/#organization"},"potentialAction":[{"@type":"SearchAction","target":{"@type":"EntryPoint","urlTemplate":"https:\/\/go-ko.pl\/?s={search_term_string}"},"query-input":"required name=search_term_string"}],"inLanguage":"de"},{"@type":"Organization","@id":"https:\/\/go-ko.pl\/#organization","name":"GOKO","url":"https:\/\/go-ko.pl\/","logo":{"@type":"ImageObject","inLanguage":"de","@id":"https:\/\/go-ko.pl\/#\/schema\/logo\/image\/","url":"https:\/\/go-ko.pl\/wp-content\/uploads\/2019\/04\/GOKO-logo.jpg","contentUrl":"https:\/\/go-ko.pl\/wp-content\/uploads\/2019\/04\/GOKO-logo.jpg","width":790,"height":726,"caption":"GOKO"},"image":{"@id":"https:\/\/go-ko.pl\/#\/schema\/logo\/image\/"}}]}},"_links":{"self":[{"href":"https:\/\/go-ko.pl\/de\/wp-json\/wp\/v2\/product\/425"}],"collection":[{"href":"https:\/\/go-ko.pl\/de\/wp-json\/wp\/v2\/product"}],"about":[{"href":"https:\/\/go-ko.pl\/de\/wp-json\/wp\/v2\/types\/product"}],"wp:featuredmedia":[{"embeddable":true,"href":"https:\/\/go-ko.pl\/de\/wp-json\/wp\/v2\/media\/11"}],"wp:attachment":[{"href":"https:\/\/go-ko.pl\/de\/wp-json\/wp\/v2\/media?parent=425"}],"wp:term":[{"taxonomy":"product_cat","embeddable":true,"href":"https:\/\/go-ko.pl\/de\/wp-json\/wp\/v2\/product_cat?post=425"},{"taxonomy":"product_tag","embeddable":true,"href":"https:\/\/go-ko.pl\/de\/wp-json\/wp\/v2\/product_tag?post=425"}],"curies":[{"name":"wp","href":"https:\/\/api.w.org\/{rel}","templated":true}]}}