{"id":1813,"date":"2023-11-16T13:16:59","date_gmt":"2023-11-16T12:16:59","guid":{"rendered":"https:\/\/go-ko.pl\/?post_type=product&#038;p=1813"},"modified":"2024-11-07T09:10:05","modified_gmt":"2024-11-07T08:10:05","slug":"medizinisches-gerat-goko","status":"publish","type":"product","link":"https:\/\/go-ko.pl\/de\/produkt\/medizinisches-gerat-goko\/","title":{"rendered":"GOKO-Ger\u00e4t"},"content":{"rendered":"<p><strong>Zufriedenheitsgarantie oder Sie bekommen Ihr Geld zur\u00fcck! Wenn Sie den Unterschied nicht sp\u00fcren, k\u00f6nnen Sie den GOKO zur\u00fcckgeben, Sie haben 30 Tage Zeit daf\u00fcr!<\/strong><\/p>\n<p>Der GOKO ist ein hochwertiges Ger\u00e4t, mit dem Sie die beste anatomische Position f\u00fcr die Def\u00e4kation einnehmen k\u00f6nnen. Es wurde mit viel Liebe zum Detail entwickelt und aus den besten auf dem Markt erh\u00e4ltlichen Materialien hergestellt.<\/p>\n<table>\n<tbody>\n<tr>\n<td style=\"width: 144.042px;\">H\u00f6he<\/td>\n<td style=\"width: 100.042px;\">86 cm<\/td>\n<td style=\"width: 202.042px;\">Breite<\/td>\n<td style=\"width: 102.708px;\">40 cm<\/td>\n<\/tr>\n<tr>\n<td style=\"width: 144.042px;\">Gewicht<\/td>\n<td style=\"width: 100.042px;\">1,2 kg<\/td>\n<td style=\"width: 202.042px;\">Durchmesser des Griffs<\/td>\n<td style=\"width: 102.708px;\">5 cm<\/td>\n<\/tr>\n<\/tbody>\n<\/table>\n<p>&nbsp;<\/p>\n","protected":false},"excerpt":{"rendered":"<p>Zufriedenheitsgarantie oder Sie bekommen Ihr Geld zur\u00fcck! Wenn Sie den Unterschied nicht sp\u00fcren, k\u00f6nnen Sie den GOKO zur\u00fcckgeben, Sie haben 30 Tage Zeit daf\u00fcr! Der GOKO ist ein hochwertiges Ger\u00e4t, mit dem Sie die beste anatomische Position f\u00fcr die Def\u00e4kation einnehmen k\u00f6nnen. Es wurde mit viel Liebe zum Detail entwickelt und aus den besten auf [&hellip;]<\/p>\n","protected":false},"featured_media":11,"template":"","meta":{"inline_featured_image":false},"product_cat":[15],"product_tag":[],"acf":[],"yoast_head":"<!-- This site is optimized with the Yoast SEO plugin v20.10 - https:\/\/yoast.com\/wordpress\/plugins\/seo\/ -->\n<title>Urz\u0105dzenie GOKO - Naturalnie, na co dzie\u0144<\/title>\n<meta name=\"description\" content=\"Wir laden Sie ein, das GOKO-Ger\u00e4t zu kaufen, das den Umgang mit dem Stuhlgang revolutioniert hat. K\u00fcmmern Sie sich um sich selbst und befreien Sie sich von peinlichen Problemen. Bestellen Sie den GOKO noch heute.Wir laden Sie ein, das GOKO-Ger\u00e4t zu kaufen, das den Umgang mit dem Stuhlgang revolutioniert hat. K\u00fcmmern Sie sich um sich selbst und befreien Sie sich von peinlichen Problemen. Bestellen Sie den GOKO noch heute.\" \/>\n<meta name=\"robots\" content=\"index, follow, max-snippet:-1, max-image-preview:large, max-video-preview:-1\" \/>\n<link rel=\"canonical\" href=\"https:\/\/go-ko.pl\/produkt\/medizinisches-gerat-goko\/\" \/>\n<meta property=\"og:locale\" content=\"de_DE\" \/>\n<meta property=\"og:type\" content=\"article\" \/>\n<meta property=\"og:title\" content=\"Urz\u0105dzenie GOKO - Naturalnie, na co dzie\u0144\" \/>\n<meta property=\"og:description\" content=\"Wir laden Sie ein, das GOKO-Ger\u00e4t zu kaufen, das den Umgang mit dem Stuhlgang revolutioniert hat. K\u00fcmmern Sie sich um sich selbst und befreien Sie sich von peinlichen Problemen. Bestellen Sie den GOKO noch heute.Wir laden Sie ein, das GOKO-Ger\u00e4t zu kaufen, das den Umgang mit dem Stuhlgang revolutioniert hat. K\u00fcmmern Sie sich um sich selbst und befreien Sie sich von peinlichen Problemen. Bestellen Sie den GOKO noch heute.\" \/>\n<meta property=\"og:url\" content=\"https:\/\/go-ko.pl\/produkt\/medizinisches-gerat-goko\/\" \/>\n<meta property=\"og:site_name\" content=\"GOKO\" \/>\n<meta property=\"article:modified_time\" content=\"2024-11-07T08:10:05+00:00\" \/>\n<meta property=\"og:image\" content=\"https:\/\/go-ko.pl\/wp-content\/uploads\/2018\/11\/goko.png\" \/>\n\t<meta property=\"og:image:width\" content=\"419\" \/>\n\t<meta property=\"og:image:height\" content=\"860\" \/>\n\t<meta property=\"og:image:type\" content=\"image\/png\" \/>\n<meta name=\"twitter:card\" content=\"summary_large_image\" \/>\n<meta name=\"twitter:label1\" content=\"Gesch\u00e4tzte Lesezeit\" \/>\n\t<meta name=\"twitter:data1\" content=\"1\u00a0Minute\" \/>\n<script type=\"application\/ld+json\" class=\"yoast-schema-graph\">{\"@context\":\"https:\/\/schema.org\",\"@graph\":[{\"@type\":\"WebPage\",\"@id\":\"https:\/\/go-ko.pl\/produkt\/medizinisches-gerat-goko\/\",\"url\":\"https:\/\/go-ko.pl\/produkt\/medizinisches-gerat-goko\/\",\"name\":\"Urz\u0105dzenie GOKO - Naturalnie, na co dzie\u0144\",\"isPartOf\":{\"@id\":\"https:\/\/go-ko.pl\/#website\"},\"datePublished\":\"2023-11-16T12:16:59+00:00\",\"dateModified\":\"2024-11-07T08:10:05+00:00\",\"description\":\"Wir laden Sie ein, das GOKO-Ger\u00e4t zu kaufen, das den Umgang mit dem Stuhlgang revolutioniert hat. K\u00fcmmern Sie sich um sich selbst und befreien Sie sich von peinlichen Problemen. Bestellen Sie den GOKO noch heute.Wir laden Sie ein, das GOKO-Ger\u00e4t zu kaufen, das den Umgang mit dem Stuhlgang revolutioniert hat. K\u00fcmmern Sie sich um sich selbst und befreien Sie sich von peinlichen Problemen. Bestellen Sie den GOKO noch heute.\",\"breadcrumb\":{\"@id\":\"https:\/\/go-ko.pl\/produkt\/medizinisches-gerat-goko\/#breadcrumb\"},\"inLanguage\":\"de\",\"potentialAction\":[{\"@type\":\"ReadAction\",\"target\":[\"https:\/\/go-ko.pl\/produkt\/medizinisches-gerat-goko\/\"]}]},{\"@type\":\"BreadcrumbList\",\"@id\":\"https:\/\/go-ko.pl\/produkt\/medizinisches-gerat-goko\/#breadcrumb\",\"itemListElement\":[{\"@type\":\"ListItem\",\"position\":1,\"name\":\"Home\",\"item\":\"https:\/\/go-ko.pl\/\"},{\"@type\":\"ListItem\",\"position\":2,\"name\":\"Sklep\",\"item\":\"https:\/\/go-ko.pl\/sklep\/\"},{\"@type\":\"ListItem\",\"position\":3,\"name\":\"GOKO-Ger\u00e4t\"}]},{\"@type\":\"WebSite\",\"@id\":\"https:\/\/go-ko.pl\/#website\",\"url\":\"https:\/\/go-ko.pl\/\",\"name\":\"GOKO\",\"description\":\"\",\"publisher\":{\"@id\":\"https:\/\/go-ko.pl\/#organization\"},\"potentialAction\":[{\"@type\":\"SearchAction\",\"target\":{\"@type\":\"EntryPoint\",\"urlTemplate\":\"https:\/\/go-ko.pl\/?s={search_term_string}\"},\"query-input\":\"required name=search_term_string\"}],\"inLanguage\":\"de\"},{\"@type\":\"Organization\",\"@id\":\"https:\/\/go-ko.pl\/#organization\",\"name\":\"GOKO\",\"url\":\"https:\/\/go-ko.pl\/\",\"logo\":{\"@type\":\"ImageObject\",\"inLanguage\":\"de\",\"@id\":\"https:\/\/go-ko.pl\/#\/schema\/logo\/image\/\",\"url\":\"https:\/\/go-ko.pl\/wp-content\/uploads\/2019\/04\/GOKO-logo.jpg\",\"contentUrl\":\"https:\/\/go-ko.pl\/wp-content\/uploads\/2019\/04\/GOKO-logo.jpg\",\"width\":790,\"height\":726,\"caption\":\"GOKO\"},\"image\":{\"@id\":\"https:\/\/go-ko.pl\/#\/schema\/logo\/image\/\"}}]}<\/script>\n<!-- \/ Yoast SEO plugin. -->","yoast_head_json":{"title":"Urz\u0105dzenie GOKO - Naturalnie, na co dzie\u0144","description":"Wir laden Sie ein, das GOKO-Ger\u00e4t zu kaufen, das den Umgang mit dem Stuhlgang revolutioniert hat. K\u00fcmmern Sie sich um sich selbst und befreien Sie sich von peinlichen Problemen. Bestellen Sie den GOKO noch heute.Wir laden Sie ein, das GOKO-Ger\u00e4t zu kaufen, das den Umgang mit dem Stuhlgang revolutioniert hat. K\u00fcmmern Sie sich um sich selbst und befreien Sie sich von peinlichen Problemen. Bestellen Sie den GOKO noch heute.","robots":{"index":"index","follow":"follow","max-snippet":"max-snippet:-1","max-image-preview":"max-image-preview:large","max-video-preview":"max-video-preview:-1"},"canonical":"https:\/\/go-ko.pl\/produkt\/medizinisches-gerat-goko\/","og_locale":"de_DE","og_type":"article","og_title":"Urz\u0105dzenie GOKO - Naturalnie, na co dzie\u0144","og_description":"Wir laden Sie ein, das GOKO-Ger\u00e4t zu kaufen, das den Umgang mit dem Stuhlgang revolutioniert hat. K\u00fcmmern Sie sich um sich selbst und befreien Sie sich von peinlichen Problemen. Bestellen Sie den GOKO noch heute.Wir laden Sie ein, das GOKO-Ger\u00e4t zu kaufen, das den Umgang mit dem Stuhlgang revolutioniert hat. K\u00fcmmern Sie sich um sich selbst und befreien Sie sich von peinlichen Problemen. Bestellen Sie den GOKO noch heute.","og_url":"https:\/\/go-ko.pl\/produkt\/medizinisches-gerat-goko\/","og_site_name":"GOKO","article_modified_time":"2024-11-07T08:10:05+00:00","og_image":[{"width":419,"height":860,"url":"https:\/\/go-ko.pl\/wp-content\/uploads\/2018\/11\/goko.png","type":"image\/png"}],"twitter_card":"summary_large_image","twitter_misc":{"Gesch\u00e4tzte Lesezeit":"1\u00a0Minute"},"schema":{"@context":"https:\/\/schema.org","@graph":[{"@type":"WebPage","@id":"https:\/\/go-ko.pl\/produkt\/medizinisches-gerat-goko\/","url":"https:\/\/go-ko.pl\/produkt\/medizinisches-gerat-goko\/","name":"Urz\u0105dzenie GOKO - Naturalnie, na co dzie\u0144","isPartOf":{"@id":"https:\/\/go-ko.pl\/#website"},"datePublished":"2023-11-16T12:16:59+00:00","dateModified":"2024-11-07T08:10:05+00:00","description":"Wir laden Sie ein, das GOKO-Ger\u00e4t zu kaufen, das den Umgang mit dem Stuhlgang revolutioniert hat. K\u00fcmmern Sie sich um sich selbst und befreien Sie sich von peinlichen Problemen. Bestellen Sie den GOKO noch heute.Wir laden Sie ein, das GOKO-Ger\u00e4t zu kaufen, das den Umgang mit dem Stuhlgang revolutioniert hat. K\u00fcmmern Sie sich um sich selbst und befreien Sie sich von peinlichen Problemen. Bestellen Sie den GOKO noch heute.","breadcrumb":{"@id":"https:\/\/go-ko.pl\/produkt\/medizinisches-gerat-goko\/#breadcrumb"},"inLanguage":"de","potentialAction":[{"@type":"ReadAction","target":["https:\/\/go-ko.pl\/produkt\/medizinisches-gerat-goko\/"]}]},{"@type":"BreadcrumbList","@id":"https:\/\/go-ko.pl\/produkt\/medizinisches-gerat-goko\/#breadcrumb","itemListElement":[{"@type":"ListItem","position":1,"name":"Home","item":"https:\/\/go-ko.pl\/"},{"@type":"ListItem","position":2,"name":"Sklep","item":"https:\/\/go-ko.pl\/sklep\/"},{"@type":"ListItem","position":3,"name":"GOKO-Ger\u00e4t"}]},{"@type":"WebSite","@id":"https:\/\/go-ko.pl\/#website","url":"https:\/\/go-ko.pl\/","name":"GOKO","description":"","publisher":{"@id":"https:\/\/go-ko.pl\/#organization"},"potentialAction":[{"@type":"SearchAction","target":{"@type":"EntryPoint","urlTemplate":"https:\/\/go-ko.pl\/?s={search_term_string}"},"query-input":"required name=search_term_string"}],"inLanguage":"de"},{"@type":"Organization","@id":"https:\/\/go-ko.pl\/#organization","name":"GOKO","url":"https:\/\/go-ko.pl\/","logo":{"@type":"ImageObject","inLanguage":"de","@id":"https:\/\/go-ko.pl\/#\/schema\/logo\/image\/","url":"https:\/\/go-ko.pl\/wp-content\/uploads\/2019\/04\/GOKO-logo.jpg","contentUrl":"https:\/\/go-ko.pl\/wp-content\/uploads\/2019\/04\/GOKO-logo.jpg","width":790,"height":726,"caption":"GOKO"},"image":{"@id":"https:\/\/go-ko.pl\/#\/schema\/logo\/image\/"}}]}},"_links":{"self":[{"href":"https:\/\/go-ko.pl\/de\/wp-json\/wp\/v2\/product\/1813"}],"collection":[{"href":"https:\/\/go-ko.pl\/de\/wp-json\/wp\/v2\/product"}],"about":[{"href":"https:\/\/go-ko.pl\/de\/wp-json\/wp\/v2\/types\/product"}],"wp:featuredmedia":[{"embeddable":true,"href":"https:\/\/go-ko.pl\/de\/wp-json\/wp\/v2\/media\/11"}],"wp:attachment":[{"href":"https:\/\/go-ko.pl\/de\/wp-json\/wp\/v2\/media?parent=1813"}],"wp:term":[{"taxonomy":"product_cat","embeddable":true,"href":"https:\/\/go-ko.pl\/de\/wp-json\/wp\/v2\/product_cat?post=1813"},{"taxonomy":"product_tag","embeddable":true,"href":"https:\/\/go-ko.pl\/de\/wp-json\/wp\/v2\/product_tag?post=1813"}],"curies":[{"name":"wp","href":"https:\/\/api.w.org\/{rel}","templated":true}]}}