{"id":1569,"date":"2020-03-31T10:39:39","date_gmt":"2020-03-31T08:39:39","guid":{"rendered":"https:\/\/go-ko.pl\/?page_id=1569"},"modified":"2020-04-03T11:46:55","modified_gmt":"2020-04-03T09:46:55","slug":"lieferung-und-rueckgabe","status":"publish","type":"page","link":"https:\/\/go-ko.pl\/de\/lieferung-und-rueckgabe\/","title":{"rendered":"Lieferung und R\u00fcckgabe"},"content":{"rendered":"<p style=\"text-align: left;\">Wir versenden Bestellungen nur \u00fcber eine Kurierfirma.<br \/>\nDer Versand in Polen erfolgt innerhalb von 48 Stunden, sofern die Bestellung von Montag bis Freitag erfolgt.<br \/>\nDer Versand ins Ausland wird je nach Lieferland individuell berechnet.<\/p>\n<p style=\"text-align: left;\">Um eine Bestellung aufzugeben, kontaktieren Sie uns bitte per E-Mail:<strong> lukasz.wolny@go-ko.pl<\/strong> oder telefonisch unter <strong>+48 661 874 774<\/strong><\/p>\n<p style=\"text-align: left;\">Um eine R\u00fccksendung vorzunehmen, f\u00fcllen Sie das folgende Formular in der gedruckten Version aus und f\u00fcgen Sie es dem zur\u00fcckgesandten Paket bei.<\/p>\n<h2 style=\"text-align: center;\">Service nach dem Verkauf<\/h2>\n<p style=\"text-align: left;\">Die Kunden von GOKO k\u00f6nnen zus\u00e4tzliche Unterst\u00fctzung in Anspruch nehmen. Unsere Website bietet Zugriff auf Online-Informationsunterst\u00fctzung.<br \/>\nDie Mitarbeiter des Telefonservices beantworten alle Fragen und ergreifen geeignete Ma\u00dfnahmen, um das Problem zu beheben.<br \/>\nWenn das gekaufte Produkt repariert oder ersetzt werden muss, ergreifen wir Ma\u00dfnahmen in Bezug auf Benachrichtigung, Servicelogistik, Abholung und Versand des Ger\u00e4ts an den Kunden.<\/p>\n","protected":false},"excerpt":{"rendered":"<p>Wir versenden Bestellungen nur \u00fcber eine Kurierfirma. Der Versand in Polen erfolgt innerhalb von 48 Stunden, sofern die Bestellung von Montag bis Freitag erfolgt. Der Versand ins Ausland wird je nach Lieferland individuell berechnet. Um eine Bestellung aufzugeben, kontaktieren Sie uns bitte per E-Mail: lukasz.wolny@go-ko.pl oder telefonisch unter +48 661 874 774 Um eine R\u00fccksendung [&hellip;]<\/p>\n","protected":false},"author":1,"featured_media":0,"parent":0,"menu_order":0,"comment_status":"closed","ping_status":"closed","template":"","meta":{"inline_featured_image":false},"acf":[],"yoast_head":"<!-- This site is optimized with the Yoast SEO plugin v20.10 - https:\/\/yoast.com\/wordpress\/plugins\/seo\/ -->\n<title>Lieferung und R\u00fcckgabe - GOKO<\/title>\n<meta name=\"robots\" content=\"index, follow, max-snippet:-1, max-image-preview:large, max-video-preview:-1\" \/>\n<link rel=\"canonical\" href=\"https:\/\/go-ko.pl\/de\/lieferung-und-rueckgabe\/\" \/>\n<meta property=\"og:locale\" content=\"de_DE\" \/>\n<meta property=\"og:type\" content=\"article\" \/>\n<meta property=\"og:title\" content=\"Lieferung und R\u00fcckgabe - GOKO\" \/>\n<meta property=\"og:description\" content=\"Wir versenden Bestellungen nur \u00fcber eine Kurierfirma. Der Versand in Polen erfolgt innerhalb von 48 Stunden, sofern die Bestellung von Montag bis Freitag erfolgt. Der Versand ins Ausland wird je nach Lieferland individuell berechnet. Um eine Bestellung aufzugeben, kontaktieren Sie uns bitte per E-Mail: lukasz.wolny@go-ko.pl oder telefonisch unter +48 661 874 774 Um eine R\u00fccksendung [&hellip;]\" \/>\n<meta property=\"og:url\" content=\"https:\/\/go-ko.pl\/de\/lieferung-und-rueckgabe\/\" \/>\n<meta property=\"og:site_name\" content=\"GOKO\" \/>\n<meta property=\"article:modified_time\" content=\"2020-04-03T09:46:55+00:00\" \/>\n<meta name=\"twitter:card\" content=\"summary_large_image\" \/>\n<meta name=\"twitter:label1\" content=\"Gesch\u00e4tzte Lesezeit\" \/>\n\t<meta name=\"twitter:data1\" content=\"1\u00a0Minute\" \/>\n<script type=\"application\/ld+json\" class=\"yoast-schema-graph\">{\"@context\":\"https:\/\/schema.org\",\"@graph\":[{\"@type\":\"WebPage\",\"@id\":\"https:\/\/go-ko.pl\/de\/lieferung-und-rueckgabe\/\",\"url\":\"https:\/\/go-ko.pl\/de\/lieferung-und-rueckgabe\/\",\"name\":\"Lieferung und R\u00fcckgabe - GOKO\",\"isPartOf\":{\"@id\":\"https:\/\/go-ko.pl\/#website\"},\"datePublished\":\"2020-03-31T08:39:39+00:00\",\"dateModified\":\"2020-04-03T09:46:55+00:00\",\"breadcrumb\":{\"@id\":\"https:\/\/go-ko.pl\/de\/lieferung-und-rueckgabe\/#breadcrumb\"},\"inLanguage\":\"de\",\"potentialAction\":[{\"@type\":\"ReadAction\",\"target\":[\"https:\/\/go-ko.pl\/de\/lieferung-und-rueckgabe\/\"]}]},{\"@type\":\"BreadcrumbList\",\"@id\":\"https:\/\/go-ko.pl\/de\/lieferung-und-rueckgabe\/#breadcrumb\",\"itemListElement\":[{\"@type\":\"ListItem\",\"position\":1,\"name\":\"Home\",\"item\":\"https:\/\/go-ko.pl\/\"},{\"@type\":\"ListItem\",\"position\":2,\"name\":\"Lieferung und R\u00fcckgabe\"}]},{\"@type\":\"WebSite\",\"@id\":\"https:\/\/go-ko.pl\/#website\",\"url\":\"https:\/\/go-ko.pl\/\",\"name\":\"GOKO\",\"description\":\"\",\"publisher\":{\"@id\":\"https:\/\/go-ko.pl\/#organization\"},\"potentialAction\":[{\"@type\":\"SearchAction\",\"target\":{\"@type\":\"EntryPoint\",\"urlTemplate\":\"https:\/\/go-ko.pl\/?s={search_term_string}\"},\"query-input\":\"required name=search_term_string\"}],\"inLanguage\":\"de\"},{\"@type\":\"Organization\",\"@id\":\"https:\/\/go-ko.pl\/#organization\",\"name\":\"GOKO\",\"url\":\"https:\/\/go-ko.pl\/\",\"logo\":{\"@type\":\"ImageObject\",\"inLanguage\":\"de\",\"@id\":\"https:\/\/go-ko.pl\/#\/schema\/logo\/image\/\",\"url\":\"https:\/\/go-ko.pl\/wp-content\/uploads\/2019\/04\/GOKO-logo.jpg\",\"contentUrl\":\"https:\/\/go-ko.pl\/wp-content\/uploads\/2019\/04\/GOKO-logo.jpg\",\"width\":790,\"height\":726,\"caption\":\"GOKO\"},\"image\":{\"@id\":\"https:\/\/go-ko.pl\/#\/schema\/logo\/image\/\"}}]}<\/script>\n<!-- \/ Yoast SEO plugin. -->","yoast_head_json":{"title":"Lieferung und R\u00fcckgabe - GOKO","robots":{"index":"index","follow":"follow","max-snippet":"max-snippet:-1","max-image-preview":"max-image-preview:large","max-video-preview":"max-video-preview:-1"},"canonical":"https:\/\/go-ko.pl\/de\/lieferung-und-rueckgabe\/","og_locale":"de_DE","og_type":"article","og_title":"Lieferung und R\u00fcckgabe - GOKO","og_description":"Wir versenden Bestellungen nur \u00fcber eine Kurierfirma. Der Versand in Polen erfolgt innerhalb von 48 Stunden, sofern die Bestellung von Montag bis Freitag erfolgt. Der Versand ins Ausland wird je nach Lieferland individuell berechnet. Um eine Bestellung aufzugeben, kontaktieren Sie uns bitte per E-Mail: lukasz.wolny@go-ko.pl oder telefonisch unter +48 661 874 774 Um eine R\u00fccksendung [&hellip;]","og_url":"https:\/\/go-ko.pl\/de\/lieferung-und-rueckgabe\/","og_site_name":"GOKO","article_modified_time":"2020-04-03T09:46:55+00:00","twitter_card":"summary_large_image","twitter_misc":{"Gesch\u00e4tzte Lesezeit":"1\u00a0Minute"},"schema":{"@context":"https:\/\/schema.org","@graph":[{"@type":"WebPage","@id":"https:\/\/go-ko.pl\/de\/lieferung-und-rueckgabe\/","url":"https:\/\/go-ko.pl\/de\/lieferung-und-rueckgabe\/","name":"Lieferung und R\u00fcckgabe - GOKO","isPartOf":{"@id":"https:\/\/go-ko.pl\/#website"},"datePublished":"2020-03-31T08:39:39+00:00","dateModified":"2020-04-03T09:46:55+00:00","breadcrumb":{"@id":"https:\/\/go-ko.pl\/de\/lieferung-und-rueckgabe\/#breadcrumb"},"inLanguage":"de","potentialAction":[{"@type":"ReadAction","target":["https:\/\/go-ko.pl\/de\/lieferung-und-rueckgabe\/"]}]},{"@type":"BreadcrumbList","@id":"https:\/\/go-ko.pl\/de\/lieferung-und-rueckgabe\/#breadcrumb","itemListElement":[{"@type":"ListItem","position":1,"name":"Home","item":"https:\/\/go-ko.pl\/"},{"@type":"ListItem","position":2,"name":"Lieferung und R\u00fcckgabe"}]},{"@type":"WebSite","@id":"https:\/\/go-ko.pl\/#website","url":"https:\/\/go-ko.pl\/","name":"GOKO","description":"","publisher":{"@id":"https:\/\/go-ko.pl\/#organization"},"potentialAction":[{"@type":"SearchAction","target":{"@type":"EntryPoint","urlTemplate":"https:\/\/go-ko.pl\/?s={search_term_string}"},"query-input":"required name=search_term_string"}],"inLanguage":"de"},{"@type":"Organization","@id":"https:\/\/go-ko.pl\/#organization","name":"GOKO","url":"https:\/\/go-ko.pl\/","logo":{"@type":"ImageObject","inLanguage":"de","@id":"https:\/\/go-ko.pl\/#\/schema\/logo\/image\/","url":"https:\/\/go-ko.pl\/wp-content\/uploads\/2019\/04\/GOKO-logo.jpg","contentUrl":"https:\/\/go-ko.pl\/wp-content\/uploads\/2019\/04\/GOKO-logo.jpg","width":790,"height":726,"caption":"GOKO"},"image":{"@id":"https:\/\/go-ko.pl\/#\/schema\/logo\/image\/"}}]}},"_links":{"self":[{"href":"https:\/\/go-ko.pl\/de\/wp-json\/wp\/v2\/pages\/1569"}],"collection":[{"href":"https:\/\/go-ko.pl\/de\/wp-json\/wp\/v2\/pages"}],"about":[{"href":"https:\/\/go-ko.pl\/de\/wp-json\/wp\/v2\/types\/page"}],"author":[{"embeddable":true,"href":"https:\/\/go-ko.pl\/de\/wp-json\/wp\/v2\/users\/1"}],"replies":[{"embeddable":true,"href":"https:\/\/go-ko.pl\/de\/wp-json\/wp\/v2\/comments?post=1569"}],"version-history":[{"count":4,"href":"https:\/\/go-ko.pl\/de\/wp-json\/wp\/v2\/pages\/1569\/revisions"}],"predecessor-version":[{"id":1614,"href":"https:\/\/go-ko.pl\/de\/wp-json\/wp\/v2\/pages\/1569\/revisions\/1614"}],"wp:attachment":[{"href":"https:\/\/go-ko.pl\/de\/wp-json\/wp\/v2\/media?parent=1569"}],"curies":[{"name":"wp","href":"https:\/\/api.w.org\/{rel}","templated":true}]}}