{"id":1423,"date":"2020-03-17T12:17:02","date_gmt":"2020-03-17T11:17:02","guid":{"rendered":"https:\/\/go-ko.pl\/?page_id=1423"},"modified":"2024-11-15T13:16:06","modified_gmt":"2024-11-15T12:16:06","slug":"ruecktritt-vom-vertrag","status":"publish","type":"page","link":"https:\/\/go-ko.pl\/de\/ruecktritt-vom-vertrag\/","title":{"rendered":"R\u00dcCKTRITT VOM VERTRAG"},"content":{"rendered":"<ol>\n<li>Wenn der Kunde ein Verbraucher ist, dann steht ihm das Recht zu, vom Kaufvertrag, abgeschlossen mit dem Verk\u00e4ufer, ohne Angabe von Gr\u00fcnden, innerhalb von 30 Tagen vom Tag, in welchem der Kunde in den Besitz der Sache kam oder an welchem ein Dritter- anderer als Spediteur und vom Kunden genannt- in den Besitz der Sache kam, \u00a0zur\u00fcckzutreten. Wenn den Vertragsgegenstand viele Sachen bilden, welche separat geliefert werden, erlischt dieser Termin nach dem Ablauf von 30 Tagen vom Tag, an welchem der Kunde in den Besitz der letzten Sache kam oder an welchem ein Dritter- anderer als Spediteur und vom Kunden genannt- in den Besitz der letzten Sache kam;<\/li>\n<li>Der Kunde soll die Ware an den Verk\u00e4ufer unverz\u00fcglich zur\u00fccksenden oder \u00fcbergeben, auf jeden Fall nicht sp\u00e4ter als innerhalb von 14 Tagen vom Tag, an welchem er \u00fcber den R\u00fccktritt vom Vertrag informiert hat. Der Termin wird eingehalten, wenn die Ware durch den Kunden vor dem Ablauf des Termins von 14 Tagen zur\u00fcckgesendet wird;<\/li>\n<li>Um das Recht auf den R\u00fccktritt vom Vertrag in Anspruch zu nehmen, soll der Kunde den Verk\u00e4ufer \u00fcber seine Entscheidung \u00fcber den R\u00fccktritt vom Vertrag im Wege einer eindeutigen Erkl\u00e4rung (schriftlich eingereicht, gesendet per elektronische Post auf E-Mail-. Adresse: <a href=\"mailto:zwrot@go-ko.pl\">zwrot@go-ko.pl<\/a>) informieren;<\/li>\n<li>Das Recht auf den R\u00fccktritt vom Vertrag steht nicht zu, wenn\u00a0 die Verpackung, in welche die Ware verpackt wurde, zerrissen bzw. vernichtet wird, und die Ware die Spuren der Nutzung bzw. der Montage hat und es nicht m\u00f6glich ist, wegen der Spuren der Nutzung\/ der Montage\u00a0 die retournierte Ware durch den Verk\u00e4ufer erneut in den Verkehr zu bringen;<\/li>\n<li>Der Kunde haftet nur f\u00fcr die Verminderung des Wertes der Sachen, die sich aus ihrer Nutzung auf andere Weise ergibt, als das zur Feststellung des Charakters, der Eigenschaften und des Funktionierens der Sache erforderlich w\u00e4re;<\/li>\n<li>Der Kunde tr\u00e4gt direkte Retourkosten der Ware;<\/li>\n<li>Im Falle des R\u00fccktritts vom Vertrag werden vom Verk\u00e4ufer dem Kunden alle von ihm erhaltenen Zahlungen, dabei die Kosten der Lieferung der Sache, unverz\u00fcglich, und in jedem Falle nicht sp\u00e4ter als 14 Tage vom Tag des Erhaltes der Erkl\u00e4rung des Kunden \u00fcber den R\u00fccktritt vom Vertrag zur\u00fcckgegeben. Vom Verk\u00e4ufer wird die R\u00fcckgabe der Zahlungen unter Verwendung von denselben Zahlungsarten durchgef\u00fchrt, welche vom Kunden in der urspr\u00fcnglichen Transaktion verwendet wurden, es sei denn, dass der Kunde seine Zustimmung zu einer anderen L\u00f6sung deutlich ausgedr\u00fcckt hat und dass sie \u00a0mit der Entstehung von Mehrkosten nicht verbunden ist;<\/li>\n<li>Vom Verk\u00e4ufer kann die R\u00fcckgabe der Zahlungen eingestellt werden, bis zum Zeitpunkt des Erhaltes der Sache oder vom Zeitpunkt der Einreichung ihres R\u00fccksendenachweises, je nachdem, welches Ereignis fr\u00fcher erfolgt.<\/li>\n<\/ol>\n<p>&nbsp;<\/p>\n<p>&nbsp;<\/p>\n<p><strong>MUSTER DES FORMULARS \u00dcBER DEN R\u00dcCKTRITT VOM VERTRAG\u00a0(ANLAGE NUMMER 2 ZUM GESETZ \u00dcBER DIE VERBRAUCHERRECHTE)<\/strong><\/p>\n<p>Muster des Formulars \u00fcber den R\u00fccktritt vom Vertrag\u00a0(das Formular ausf\u00fcllen und nur im Falle des R\u00fccktritts vom Vertrag zur\u00fccksenden)<\/p>\n<p><strong>Erkl\u00e4rung \u00fcber den R\u00fccktritt vom Vertrag<\/strong><\/p>\n<p><strong>Adresse f\u00fcr Retoure:<\/strong><\/p>\n<p><strong>\u00a0<\/strong><\/p>\n<p>\u201eZwrot\u201d<br \/>\nCNX Rydzi\u0144ska, Zimnowodzka Sp\u00f3\u0142ka Komandytowa<br \/>\nul. Kolejowa 25<br \/>\n07-310 Ostr\u00f3w Mazowiecka, Polen<\/p>\n<p><strong>\u00a0<\/strong><\/p>\n<p>Hiermit informiere ich Sie \u00fcber den R\u00fccktritt vom Vertrag, dessen Gegenstand bildet<\/p>\n<p>\u2026\u2026\u2026\u2026\u2026\u2026\u2026\u2026\u2026\u2026\u2026\u2026\u2026\u2026\u2026\u2026\u2026\u2026\u2026\u2026\u2026\u2026\u2026\u2026\u2026\u2026\u2026\u2026\u2026\u2026\u2026\u2026\u2026\u2026\u2026\u2026\u2026..\u2026\u2026\u2026\u2026\u2026\u2026\u2026\u2026\u2026\u2026\u2026\u2026\u2026\u2026\u2026&#8230;&#8230;&#8230;&#8230;&#8230;..<\/p>\n<p>\u2026\u2026\u2026\u2026\u2026\u2026\u2026\u2026\u2026\u2026\u2026\u2026\u2026\u2026\u2026\u2026\u2026\u2026\u2026\u2026\u2026\u2026\u2026\u2026\u2026\u2026\u2026\u2026\u2026\u2026.\u2026\u2026\u2026\u2026\u2026\u2026\u2026\u2026\u2026\u2026\u2026\u2026\u2026\u2026\u2026\u2026\u2026\u2026\u2026\u2026\u2026\u2026\u2026\u2026\u2026\u2026&#8230;<\/p>\n<p>Bestellnummer: &#8230;&#8230;&#8230;&#8230;&#8230;&#8230;&#8230;&#8230;&#8230;&#8230;&#8230;&#8230;&#8230;&#8230;&#8230;&#8230;&#8230;&#8230;&#8230;&#8230;&#8230;&#8230;&#8230;&#8230;&#8230;&#8230;&#8230;&#8230;&#8230;&#8230;&#8230;&#8230;&#8230;&#8230;&#8230;&#8230;&#8230;&#8230;&#8230;<\/p>\n<p>Datum des Vertragsabschlusses: \u2026\u2026\u2026\u2026\u2026\u2026\u2026\u2026\u2026\u2026\u2026\u2026\u2026\u2026\u2026\u2026\u2026\u2026\u2026\u2026\u2026\u2026\u2026\u2026\u2026\u2026\u2026\u2026.<\/p>\n<p>Name und Vorname des Verbrauchers: &#8230;&#8230;&#8230;&#8230;&#8230;&#8230;&#8230;&#8230;&#8230;&#8230;&#8230;&#8230;&#8230;&#8230;&#8230;&#8230;&#8230;&#8230;&#8230;&#8230;&#8230;&#8230;&#8230;&#8230;&#8230;&#8230;&#8230;&#8230;&#8230;&#8230;&#8230;&#8230;&#8230;&#8230;.<\/p>\n<p>Adresse des Verbrauchers: &#8230;&#8230;&#8230;&#8230;&#8230;&#8230;&#8230;&#8230;&#8230;&#8230;&#8230;&#8230;&#8230;&#8230;&#8230;&#8230;&#8230;&#8230;&#8230;&#8230;&#8230;&#8230;&#8230;&#8230;&#8230;&#8230;&#8230;&#8230;&#8230;&#8230;&#8230;&#8230;&#8230;&#8230;&#8230;&#8230;&#8230;&#8230;&#8230;..<\/p>\n<p>Bitte um die R\u00fcckgabe des bezahlten Preises auf das Bankkonto Nr. \u00a0&#8230;&#8230;&#8230;&#8230;&#8230;&#8230;&#8230;&#8230;&#8230;&#8230;&#8230;&#8230;&#8230;&#8230;&#8230;&#8230;&#8230;&#8230;&#8230;&#8230;&#8230;&#8230;&#8230;&#8230;&#8230;&#8230;&#8230;&#8230;&#8230;&#8230;.<\/p>\n<p>&nbsp;<\/p>\n<p>Datum &#8230;&#8230;&#8230;&#8230;&#8230;&#8230;&#8230;&#8230;&#8230;&#8230;&#8230;&#8230;&#8230;&#8230;<\/p>\n<p>\u2026\u2026\u2026&#8230;\u2026\u2026\u2026\u2026\u2026\u2026\u2026\u2026\u2026\u2026.<\/p>\n<p>(Unterschrift)<\/p>\n<p><strong>\u00a0<\/strong><\/p>\n<p><strong>Hersteller (Verk\u00e4ufer):<\/strong><\/p>\n<p><strong>CNX Rydzi\u0144ska, Zimnowodzka Sp\u00f3\u0142ka Komandytowa<\/strong><\/p>\n<p>ul. Kolejowa 25<br \/>\n07-310 Ostr\u00f3w Mazowiecka, Polen<\/p>\n<p><strong>\u00a0<\/strong><\/p>\n","protected":false},"excerpt":{"rendered":"<p>Wenn der Kunde ein Verbraucher ist, dann steht ihm das Recht zu, vom Kaufvertrag, abgeschlossen mit dem Verk\u00e4ufer, ohne Angabe von Gr\u00fcnden, innerhalb von 30 Tagen vom Tag, in welchem der Kunde in den Besitz der Sache kam oder an welchem ein Dritter- anderer als Spediteur und vom Kunden genannt- in den Besitz der Sache [&hellip;]<\/p>\n","protected":false},"author":1,"featured_media":0,"parent":0,"menu_order":0,"comment_status":"closed","ping_status":"closed","template":"","meta":{"inline_featured_image":false},"acf":[],"yoast_head":"<!-- This site is optimized with the Yoast SEO plugin v20.10 - https:\/\/yoast.com\/wordpress\/plugins\/seo\/ -->\n<title>R\u00dcCKTRITT VOM VERTRAG - GOKO<\/title>\n<meta name=\"robots\" content=\"index, follow, max-snippet:-1, max-image-preview:large, max-video-preview:-1\" \/>\n<link rel=\"canonical\" href=\"https:\/\/go-ko.pl\/de\/ruecktritt-vom-vertrag\/\" \/>\n<meta property=\"og:locale\" content=\"de_DE\" \/>\n<meta property=\"og:type\" content=\"article\" \/>\n<meta property=\"og:title\" content=\"R\u00dcCKTRITT VOM VERTRAG - GOKO\" \/>\n<meta property=\"og:description\" content=\"Wenn der Kunde ein Verbraucher ist, dann steht ihm das Recht zu, vom Kaufvertrag, abgeschlossen mit dem Verk\u00e4ufer, ohne Angabe von Gr\u00fcnden, innerhalb von 30 Tagen vom Tag, in welchem der Kunde in den Besitz der Sache kam oder an welchem ein Dritter- anderer als Spediteur und vom Kunden genannt- in den Besitz der Sache [&hellip;]\" \/>\n<meta property=\"og:url\" content=\"https:\/\/go-ko.pl\/de\/ruecktritt-vom-vertrag\/\" \/>\n<meta property=\"og:site_name\" content=\"GOKO\" \/>\n<meta property=\"article:modified_time\" content=\"2024-11-15T12:16:06+00:00\" \/>\n<meta name=\"twitter:card\" content=\"summary_large_image\" \/>\n<meta name=\"twitter:label1\" content=\"Gesch\u00e4tzte Lesezeit\" \/>\n\t<meta name=\"twitter:data1\" content=\"4\u00a0Minuten\" \/>\n<script type=\"application\/ld+json\" class=\"yoast-schema-graph\">{\"@context\":\"https:\/\/schema.org\",\"@graph\":[{\"@type\":\"WebPage\",\"@id\":\"https:\/\/go-ko.pl\/de\/ruecktritt-vom-vertrag\/\",\"url\":\"https:\/\/go-ko.pl\/de\/ruecktritt-vom-vertrag\/\",\"name\":\"R\u00dcCKTRITT VOM VERTRAG - GOKO\",\"isPartOf\":{\"@id\":\"https:\/\/go-ko.pl\/#website\"},\"datePublished\":\"2020-03-17T11:17:02+00:00\",\"dateModified\":\"2024-11-15T12:16:06+00:00\",\"breadcrumb\":{\"@id\":\"https:\/\/go-ko.pl\/de\/ruecktritt-vom-vertrag\/#breadcrumb\"},\"inLanguage\":\"de\",\"potentialAction\":[{\"@type\":\"ReadAction\",\"target\":[\"https:\/\/go-ko.pl\/de\/ruecktritt-vom-vertrag\/\"]}]},{\"@type\":\"BreadcrumbList\",\"@id\":\"https:\/\/go-ko.pl\/de\/ruecktritt-vom-vertrag\/#breadcrumb\",\"itemListElement\":[{\"@type\":\"ListItem\",\"position\":1,\"name\":\"Home\",\"item\":\"https:\/\/go-ko.pl\/\"},{\"@type\":\"ListItem\",\"position\":2,\"name\":\"R\u00dcCKTRITT VOM VERTRAG\"}]},{\"@type\":\"WebSite\",\"@id\":\"https:\/\/go-ko.pl\/#website\",\"url\":\"https:\/\/go-ko.pl\/\",\"name\":\"GOKO\",\"description\":\"\",\"publisher\":{\"@id\":\"https:\/\/go-ko.pl\/#organization\"},\"potentialAction\":[{\"@type\":\"SearchAction\",\"target\":{\"@type\":\"EntryPoint\",\"urlTemplate\":\"https:\/\/go-ko.pl\/?s={search_term_string}\"},\"query-input\":\"required name=search_term_string\"}],\"inLanguage\":\"de\"},{\"@type\":\"Organization\",\"@id\":\"https:\/\/go-ko.pl\/#organization\",\"name\":\"GOKO\",\"url\":\"https:\/\/go-ko.pl\/\",\"logo\":{\"@type\":\"ImageObject\",\"inLanguage\":\"de\",\"@id\":\"https:\/\/go-ko.pl\/#\/schema\/logo\/image\/\",\"url\":\"https:\/\/go-ko.pl\/wp-content\/uploads\/2019\/04\/GOKO-logo.jpg\",\"contentUrl\":\"https:\/\/go-ko.pl\/wp-content\/uploads\/2019\/04\/GOKO-logo.jpg\",\"width\":790,\"height\":726,\"caption\":\"GOKO\"},\"image\":{\"@id\":\"https:\/\/go-ko.pl\/#\/schema\/logo\/image\/\"}}]}<\/script>\n<!-- \/ Yoast SEO plugin. -->","yoast_head_json":{"title":"R\u00dcCKTRITT VOM VERTRAG - GOKO","robots":{"index":"index","follow":"follow","max-snippet":"max-snippet:-1","max-image-preview":"max-image-preview:large","max-video-preview":"max-video-preview:-1"},"canonical":"https:\/\/go-ko.pl\/de\/ruecktritt-vom-vertrag\/","og_locale":"de_DE","og_type":"article","og_title":"R\u00dcCKTRITT VOM VERTRAG - GOKO","og_description":"Wenn der Kunde ein Verbraucher ist, dann steht ihm das Recht zu, vom Kaufvertrag, abgeschlossen mit dem Verk\u00e4ufer, ohne Angabe von Gr\u00fcnden, innerhalb von 30 Tagen vom Tag, in welchem der Kunde in den Besitz der Sache kam oder an welchem ein Dritter- anderer als Spediteur und vom Kunden genannt- in den Besitz der Sache [&hellip;]","og_url":"https:\/\/go-ko.pl\/de\/ruecktritt-vom-vertrag\/","og_site_name":"GOKO","article_modified_time":"2024-11-15T12:16:06+00:00","twitter_card":"summary_large_image","twitter_misc":{"Gesch\u00e4tzte Lesezeit":"4\u00a0Minuten"},"schema":{"@context":"https:\/\/schema.org","@graph":[{"@type":"WebPage","@id":"https:\/\/go-ko.pl\/de\/ruecktritt-vom-vertrag\/","url":"https:\/\/go-ko.pl\/de\/ruecktritt-vom-vertrag\/","name":"R\u00dcCKTRITT VOM VERTRAG - GOKO","isPartOf":{"@id":"https:\/\/go-ko.pl\/#website"},"datePublished":"2020-03-17T11:17:02+00:00","dateModified":"2024-11-15T12:16:06+00:00","breadcrumb":{"@id":"https:\/\/go-ko.pl\/de\/ruecktritt-vom-vertrag\/#breadcrumb"},"inLanguage":"de","potentialAction":[{"@type":"ReadAction","target":["https:\/\/go-ko.pl\/de\/ruecktritt-vom-vertrag\/"]}]},{"@type":"BreadcrumbList","@id":"https:\/\/go-ko.pl\/de\/ruecktritt-vom-vertrag\/#breadcrumb","itemListElement":[{"@type":"ListItem","position":1,"name":"Home","item":"https:\/\/go-ko.pl\/"},{"@type":"ListItem","position":2,"name":"R\u00dcCKTRITT VOM VERTRAG"}]},{"@type":"WebSite","@id":"https:\/\/go-ko.pl\/#website","url":"https:\/\/go-ko.pl\/","name":"GOKO","description":"","publisher":{"@id":"https:\/\/go-ko.pl\/#organization"},"potentialAction":[{"@type":"SearchAction","target":{"@type":"EntryPoint","urlTemplate":"https:\/\/go-ko.pl\/?s={search_term_string}"},"query-input":"required name=search_term_string"}],"inLanguage":"de"},{"@type":"Organization","@id":"https:\/\/go-ko.pl\/#organization","name":"GOKO","url":"https:\/\/go-ko.pl\/","logo":{"@type":"ImageObject","inLanguage":"de","@id":"https:\/\/go-ko.pl\/#\/schema\/logo\/image\/","url":"https:\/\/go-ko.pl\/wp-content\/uploads\/2019\/04\/GOKO-logo.jpg","contentUrl":"https:\/\/go-ko.pl\/wp-content\/uploads\/2019\/04\/GOKO-logo.jpg","width":790,"height":726,"caption":"GOKO"},"image":{"@id":"https:\/\/go-ko.pl\/#\/schema\/logo\/image\/"}}]}},"_links":{"self":[{"href":"https:\/\/go-ko.pl\/de\/wp-json\/wp\/v2\/pages\/1423"}],"collection":[{"href":"https:\/\/go-ko.pl\/de\/wp-json\/wp\/v2\/pages"}],"about":[{"href":"https:\/\/go-ko.pl\/de\/wp-json\/wp\/v2\/types\/page"}],"author":[{"embeddable":true,"href":"https:\/\/go-ko.pl\/de\/wp-json\/wp\/v2\/users\/1"}],"replies":[{"embeddable":true,"href":"https:\/\/go-ko.pl\/de\/wp-json\/wp\/v2\/comments?post=1423"}],"version-history":[{"count":6,"href":"https:\/\/go-ko.pl\/de\/wp-json\/wp\/v2\/pages\/1423\/revisions"}],"predecessor-version":[{"id":1549,"href":"https:\/\/go-ko.pl\/de\/wp-json\/wp\/v2\/pages\/1423\/revisions\/1549"}],"wp:attachment":[{"href":"https:\/\/go-ko.pl\/de\/wp-json\/wp\/v2\/media?parent=1423"}],"curies":[{"name":"wp","href":"https:\/\/api.w.org\/{rel}","templated":true}]}}