{"id":1421,"date":"2020-03-17T12:15:28","date_gmt":"2020-03-17T11:15:28","guid":{"rendered":"https:\/\/go-ko.pl\/?page_id=1421"},"modified":"2024-11-15T12:54:28","modified_gmt":"2024-11-15T11:54:28","slug":"cookie-hinweis","status":"publish","type":"page","link":"https:\/\/go-ko.pl\/de\/cookie-hinweis\/","title":{"rendered":"COOKIE &#8211; HINWEIS"},"content":{"rendered":"<p style=\"text-align: center;\"><strong>COOKIE- HINWEIS<\/strong><\/p>\n<p style=\"text-align: center;\"><strong>der Webseite <\/strong><strong>http:\/\/go-ko.pl<\/strong><\/p>\n<p style=\"text-align: center;\"><strong>vom 13.11.2024<\/strong><\/p>\n<p>Im vorliegenden Cookie- Hinweis werden die Grunds\u00e4tze der Sammlung und Ziel der Sammlung von Cookies- Dateien von <strong>CNX Rydzi\u0144ska, Zimnowodzka Sp\u00f3\u0142ka Komandytowa <\/strong> mit Sitz in Warszawa, ul. \u017bega\u0144ska 2A, 04-713 Warszawa, eingetragen in das vom Bezirksgericht f\u00fcr die Hauptstadt Warschau in Warschau, XIV. Wirtschaftsabteilung des Landesgerichtsregisters, unter der Nummer KRS: 0000948762, NIP: PL9522133851, REGON: 360475922 (nachfolgend <strong>\u201eVerk\u00e4ufer\u201d <\/strong>genannt).<\/p>\n<p>&nbsp;<\/p>\n<p><strong>Cookie- Hinweis und andere Technologien<\/strong><\/p>\n<ol>\n<li>Im Shop, in den Internetdienstleistungen, interaktiven Applikationen, E-Mail- Nachrichten und in den Werbungen des Verk\u00e4ufers k\u00f6nnen Cookies- Dateien und andere Technologien verwendet werden, solche wie Pixelmarkierungen, WWW- Melder, Browser- Typ und -Sprache, Daten des Lieferanten von Internetdienstleistungen, Applikationen, sowie Verweisseiten und Ausgang, Betriebssystem, Zeitstempel. Die Daten, die mittels der Cookies- Dateien und anderer Technologien gesammelt werden, gelten als Daten, welche keine personenbezogenen Daten sind.<\/li>\n<li>Vom Verk\u00e4ufer werden zwei Typen von Cookies- Dateien verwendet:\n<ol>\n<li><strong>Sitzungs- Cookies:<\/strong> sie werden in Ihrem Ger\u00e4t gespeichert und verbleiben dort bis zum Zeitpunkt der Schlie\u00dfung der Sitzung eines jeweiligen Browsers. Die gespeicherten Informationen werden dann aus dem Speicher Ihres Ger\u00e4tes dauerhaft entfernt. Der Mechanismus von Sitzungs- Cookies erlaubt nicht, irgendwelche personenbezogene Daten, sowie vertrauliche Informationen aus Ihrem Ger\u00e4t herunterzuladen.<\/li>\n<li><strong>Dauerhafte Cookies:<\/strong> sie werden in Ihrem Ger\u00e4t gespeichert und verbleiben dort bis zum Zeitpunkt ihrer L\u00f6schung. Die Schlie\u00dfung der Sitzung eines jeweiligen Browsers oder Ausschaltung des Ger\u00e4tes verursacht, dass sie aus Ihrem Ger\u00e4t nicht entfernt werden. Der Mechanismus von dauerhaften Cookies erlaubt nicht, irgendwelche personenbezogene Daten, sowie vertrauliche Informationen aus Ihrem Ger\u00e4t herunterzuladen.<\/li>\n<\/ol>\n<\/li>\n<li>Im Rahmen des Shops werden nachfolgende Arten von Cookies- Dateien verwendet:\n<ol>\n<li>\u201enotwendige\u201d Cookies- Dateien, welche die Inanspruchnahme von Dienstleistungen erm\u00f6glichen, die im Rahmen des Shops zug\u00e4nglich sind, z.B. Cookies- Dateien, die f\u00fcr die Dienstleistungen verwendet werden, welche die Authentifizierung im Rahmen des Shops erfordern;<\/li>\n<li>Cookies- Dateien, welche zur Gew\u00e4hrleistung der Sicherheit dienen, z.B. die zur Entdeckung von Missbr\u00e4uchen im Bereich der Authentifizierung von Daten verwendet werden;<\/li>\n<li>\u201eLeistungs\u201d- Cookies- Dateien, welche die Sammlung von Informationen \u00fcber die Art. und Weise der Nutzung des Shops erm\u00f6glichen;<\/li>\n<li>\u201eFunktionale\u201d Cookies- Dateien, welche die \u201eSpeicherung\u201d der von Ihnen ausgew\u00e4hlten Einstellungen und die Personalisierung von Interface erm\u00f6glichen, z.B. im Bereich der ausgew\u00e4hlten Sprache oder Region, der Schriftgr\u00f6\u00dfe, des Aussehens der Webseite usw.;<\/li>\n<li>\u201eWerbungs-\u201d Cookies- Dateien, welche die Werbeinhalte, die an Ihre Interessen mehr angepasst werden, erm\u00f6glichen.<\/li>\n<\/ol>\n<\/li>\n<li>Die Cookies- Dateien werden zu nachfolgenden Zwecken verwendet:\n<ol>\n<li>Anpassung des Inhaltes des Shops an Ihre Pr\u00e4ferenzen;<\/li>\n<li>Optimierung der Nutzung des Shops, insbesondere erlauben diese Dateien, Ihr Ger\u00e4t zu erkennen und die Webseite entsprechend anzuzeigen, die an Ihre individuellen Bed\u00fcrfnisse angepasst wird;<\/li>\n<li>Erstellung von Statistiken, die helfen zu verstehen, auf welche Weise die Webseiten von Ihnen genutzt werden, was die Verbesserung der Struktur und des Inhaltes des Shops erm\u00f6glicht;<\/li>\n<li>Aufrechterhaltung Ihrer Sitzung (nach dem Einloggen), dank deren Sie nicht mehr brauchen, auf jeder Unterseite des Shops Login und Passwort erneut einzutragen.<\/li>\n<\/ol>\n<\/li>\n<li>Die vom Verk\u00e4ufer verwendeten Cookies sind f\u00fcr Ihr Ger\u00e4t sicher. Insbesondere ist es nicht m\u00f6glich, dass zu Ihren Ger\u00e4ten Viren oder andere ungewollte Software oder b\u00f6sartige Software \u00fcber Cookies gelangen.<\/li>\n<\/ol>\n","protected":false},"excerpt":{"rendered":"<p>COOKIE- HINWEIS der Webseite http:\/\/go-ko.pl vom 13.11.2024 Im vorliegenden Cookie- Hinweis werden die Grunds\u00e4tze der Sammlung und Ziel der Sammlung von Cookies- Dateien von CNX Rydzi\u0144ska, Zimnowodzka Sp\u00f3\u0142ka Komandytowa mit Sitz in Warszawa, ul. \u017bega\u0144ska 2A, 04-713 Warszawa, eingetragen in das vom Bezirksgericht f\u00fcr die Hauptstadt Warschau in Warschau, XIV. Wirtschaftsabteilung des Landesgerichtsregisters, unter der [&hellip;]<\/p>\n","protected":false},"author":1,"featured_media":0,"parent":0,"menu_order":0,"comment_status":"closed","ping_status":"closed","template":"","meta":{"inline_featured_image":false},"acf":[],"yoast_head":"<!-- This site is optimized with the Yoast SEO plugin v20.10 - https:\/\/yoast.com\/wordpress\/plugins\/seo\/ -->\n<title>COOKIE - HINWEIS - GOKO<\/title>\n<meta name=\"robots\" content=\"index, follow, max-snippet:-1, max-image-preview:large, max-video-preview:-1\" \/>\n<link rel=\"canonical\" href=\"https:\/\/go-ko.pl\/de\/cookie-hinweis\/\" \/>\n<meta property=\"og:locale\" content=\"de_DE\" \/>\n<meta property=\"og:type\" content=\"article\" \/>\n<meta property=\"og:title\" content=\"COOKIE - HINWEIS - GOKO\" \/>\n<meta property=\"og:description\" content=\"COOKIE- HINWEIS der Webseite http:\/\/go-ko.pl vom 13.11.2024 Im vorliegenden Cookie- Hinweis werden die Grunds\u00e4tze der Sammlung und Ziel der Sammlung von Cookies- Dateien von CNX Rydzi\u0144ska, Zimnowodzka Sp\u00f3\u0142ka Komandytowa mit Sitz in Warszawa, ul. \u017bega\u0144ska 2A, 04-713 Warszawa, eingetragen in das vom Bezirksgericht f\u00fcr die Hauptstadt Warschau in Warschau, XIV. Wirtschaftsabteilung des Landesgerichtsregisters, unter der [&hellip;]\" \/>\n<meta property=\"og:url\" content=\"https:\/\/go-ko.pl\/de\/cookie-hinweis\/\" \/>\n<meta property=\"og:site_name\" content=\"GOKO\" \/>\n<meta property=\"article:modified_time\" content=\"2024-11-15T11:54:28+00:00\" \/>\n<meta name=\"twitter:card\" content=\"summary_large_image\" \/>\n<meta name=\"twitter:label1\" content=\"Gesch\u00e4tzte Lesezeit\" \/>\n\t<meta name=\"twitter:data1\" content=\"3\u00a0Minuten\" \/>\n<script type=\"application\/ld+json\" class=\"yoast-schema-graph\">{\"@context\":\"https:\/\/schema.org\",\"@graph\":[{\"@type\":\"WebPage\",\"@id\":\"https:\/\/go-ko.pl\/de\/cookie-hinweis\/\",\"url\":\"https:\/\/go-ko.pl\/de\/cookie-hinweis\/\",\"name\":\"COOKIE - HINWEIS - GOKO\",\"isPartOf\":{\"@id\":\"https:\/\/go-ko.pl\/#website\"},\"datePublished\":\"2020-03-17T11:15:28+00:00\",\"dateModified\":\"2024-11-15T11:54:28+00:00\",\"breadcrumb\":{\"@id\":\"https:\/\/go-ko.pl\/de\/cookie-hinweis\/#breadcrumb\"},\"inLanguage\":\"de\",\"potentialAction\":[{\"@type\":\"ReadAction\",\"target\":[\"https:\/\/go-ko.pl\/de\/cookie-hinweis\/\"]}]},{\"@type\":\"BreadcrumbList\",\"@id\":\"https:\/\/go-ko.pl\/de\/cookie-hinweis\/#breadcrumb\",\"itemListElement\":[{\"@type\":\"ListItem\",\"position\":1,\"name\":\"Home\",\"item\":\"https:\/\/go-ko.pl\/\"},{\"@type\":\"ListItem\",\"position\":2,\"name\":\"COOKIE &#8211; HINWEIS\"}]},{\"@type\":\"WebSite\",\"@id\":\"https:\/\/go-ko.pl\/#website\",\"url\":\"https:\/\/go-ko.pl\/\",\"name\":\"GOKO\",\"description\":\"\",\"publisher\":{\"@id\":\"https:\/\/go-ko.pl\/#organization\"},\"potentialAction\":[{\"@type\":\"SearchAction\",\"target\":{\"@type\":\"EntryPoint\",\"urlTemplate\":\"https:\/\/go-ko.pl\/?s={search_term_string}\"},\"query-input\":\"required name=search_term_string\"}],\"inLanguage\":\"de\"},{\"@type\":\"Organization\",\"@id\":\"https:\/\/go-ko.pl\/#organization\",\"name\":\"GOKO\",\"url\":\"https:\/\/go-ko.pl\/\",\"logo\":{\"@type\":\"ImageObject\",\"inLanguage\":\"de\",\"@id\":\"https:\/\/go-ko.pl\/#\/schema\/logo\/image\/\",\"url\":\"https:\/\/go-ko.pl\/wp-content\/uploads\/2019\/04\/GOKO-logo.jpg\",\"contentUrl\":\"https:\/\/go-ko.pl\/wp-content\/uploads\/2019\/04\/GOKO-logo.jpg\",\"width\":790,\"height\":726,\"caption\":\"GOKO\"},\"image\":{\"@id\":\"https:\/\/go-ko.pl\/#\/schema\/logo\/image\/\"}}]}<\/script>\n<!-- \/ Yoast SEO plugin. -->","yoast_head_json":{"title":"COOKIE - HINWEIS - GOKO","robots":{"index":"index","follow":"follow","max-snippet":"max-snippet:-1","max-image-preview":"max-image-preview:large","max-video-preview":"max-video-preview:-1"},"canonical":"https:\/\/go-ko.pl\/de\/cookie-hinweis\/","og_locale":"de_DE","og_type":"article","og_title":"COOKIE - HINWEIS - GOKO","og_description":"COOKIE- HINWEIS der Webseite http:\/\/go-ko.pl vom 13.11.2024 Im vorliegenden Cookie- Hinweis werden die Grunds\u00e4tze der Sammlung und Ziel der Sammlung von Cookies- Dateien von CNX Rydzi\u0144ska, Zimnowodzka Sp\u00f3\u0142ka Komandytowa mit Sitz in Warszawa, ul. \u017bega\u0144ska 2A, 04-713 Warszawa, eingetragen in das vom Bezirksgericht f\u00fcr die Hauptstadt Warschau in Warschau, XIV. Wirtschaftsabteilung des Landesgerichtsregisters, unter der [&hellip;]","og_url":"https:\/\/go-ko.pl\/de\/cookie-hinweis\/","og_site_name":"GOKO","article_modified_time":"2024-11-15T11:54:28+00:00","twitter_card":"summary_large_image","twitter_misc":{"Gesch\u00e4tzte Lesezeit":"3\u00a0Minuten"},"schema":{"@context":"https:\/\/schema.org","@graph":[{"@type":"WebPage","@id":"https:\/\/go-ko.pl\/de\/cookie-hinweis\/","url":"https:\/\/go-ko.pl\/de\/cookie-hinweis\/","name":"COOKIE - HINWEIS - GOKO","isPartOf":{"@id":"https:\/\/go-ko.pl\/#website"},"datePublished":"2020-03-17T11:15:28+00:00","dateModified":"2024-11-15T11:54:28+00:00","breadcrumb":{"@id":"https:\/\/go-ko.pl\/de\/cookie-hinweis\/#breadcrumb"},"inLanguage":"de","potentialAction":[{"@type":"ReadAction","target":["https:\/\/go-ko.pl\/de\/cookie-hinweis\/"]}]},{"@type":"BreadcrumbList","@id":"https:\/\/go-ko.pl\/de\/cookie-hinweis\/#breadcrumb","itemListElement":[{"@type":"ListItem","position":1,"name":"Home","item":"https:\/\/go-ko.pl\/"},{"@type":"ListItem","position":2,"name":"COOKIE &#8211; HINWEIS"}]},{"@type":"WebSite","@id":"https:\/\/go-ko.pl\/#website","url":"https:\/\/go-ko.pl\/","name":"GOKO","description":"","publisher":{"@id":"https:\/\/go-ko.pl\/#organization"},"potentialAction":[{"@type":"SearchAction","target":{"@type":"EntryPoint","urlTemplate":"https:\/\/go-ko.pl\/?s={search_term_string}"},"query-input":"required name=search_term_string"}],"inLanguage":"de"},{"@type":"Organization","@id":"https:\/\/go-ko.pl\/#organization","name":"GOKO","url":"https:\/\/go-ko.pl\/","logo":{"@type":"ImageObject","inLanguage":"de","@id":"https:\/\/go-ko.pl\/#\/schema\/logo\/image\/","url":"https:\/\/go-ko.pl\/wp-content\/uploads\/2019\/04\/GOKO-logo.jpg","contentUrl":"https:\/\/go-ko.pl\/wp-content\/uploads\/2019\/04\/GOKO-logo.jpg","width":790,"height":726,"caption":"GOKO"},"image":{"@id":"https:\/\/go-ko.pl\/#\/schema\/logo\/image\/"}}]}},"_links":{"self":[{"href":"https:\/\/go-ko.pl\/de\/wp-json\/wp\/v2\/pages\/1421"}],"collection":[{"href":"https:\/\/go-ko.pl\/de\/wp-json\/wp\/v2\/pages"}],"about":[{"href":"https:\/\/go-ko.pl\/de\/wp-json\/wp\/v2\/types\/page"}],"author":[{"embeddable":true,"href":"https:\/\/go-ko.pl\/de\/wp-json\/wp\/v2\/users\/1"}],"replies":[{"embeddable":true,"href":"https:\/\/go-ko.pl\/de\/wp-json\/wp\/v2\/comments?post=1421"}],"version-history":[{"count":6,"href":"https:\/\/go-ko.pl\/de\/wp-json\/wp\/v2\/pages\/1421\/revisions"}],"predecessor-version":[{"id":2000,"href":"https:\/\/go-ko.pl\/de\/wp-json\/wp\/v2\/pages\/1421\/revisions\/2000"}],"wp:attachment":[{"href":"https:\/\/go-ko.pl\/de\/wp-json\/wp\/v2\/media?parent=1421"}],"curies":[{"name":"wp","href":"https:\/\/api.w.org\/{rel}","templated":true}]}}