{"id":1354,"date":"2019-01-21T14:00:23","date_gmt":"2019-01-21T13:00:23","guid":{"rendered":"https:\/\/go-ko.pl\/o-nas\/"},"modified":"2020-04-20T15:36:10","modified_gmt":"2020-04-20T13:36:10","slug":"ueber-uns","status":"publish","type":"page","link":"https:\/\/go-ko.pl\/de\/ueber-uns\/","title":{"rendered":"\u00dcBER UNS"},"content":{"rendered":"","protected":false},"excerpt":{"rendered":"","protected":false},"author":1,"featured_media":0,"parent":0,"menu_order":0,"comment_status":"closed","ping_status":"closed","template":"templates\/about.php","meta":{"inline_featured_image":false},"acf":[],"yoast_head":"<!-- This site is optimized with the Yoast SEO plugin v20.10 - https:\/\/yoast.com\/wordpress\/plugins\/seo\/ -->\n<title>\u00dcBER UNS - GOKO<\/title>\n<meta name=\"description\" content=\"Urz\u0105dzenie GOKO powsta\u0142o, by wesprze\u0107 ka\u017cdego cz\u0142owieka w jego drodze do zdrowia i dobrego samopoczucia. Wypr\u00f3buj GOKO, a poczujesz si\u0119 lekko. To dzia\u0142a!\" \/>\n<meta name=\"robots\" content=\"index, follow, max-snippet:-1, max-image-preview:large, max-video-preview:-1\" \/>\n<link rel=\"canonical\" href=\"https:\/\/go-ko.pl\/de\/ueber-uns\/\" \/>\n<meta property=\"og:locale\" content=\"de_DE\" \/>\n<meta property=\"og:type\" content=\"article\" \/>\n<meta property=\"og:title\" content=\"\u00dcBER UNS - GOKO\" \/>\n<meta property=\"og:description\" content=\"Urz\u0105dzenie GOKO powsta\u0142o, by wesprze\u0107 ka\u017cdego cz\u0142owieka w jego drodze do zdrowia i dobrego samopoczucia. Wypr\u00f3buj GOKO, a poczujesz si\u0119 lekko. To dzia\u0142a!\" \/>\n<meta property=\"og:url\" content=\"https:\/\/go-ko.pl\/de\/ueber-uns\/\" \/>\n<meta property=\"og:site_name\" content=\"GOKO\" \/>\n<meta property=\"article:modified_time\" content=\"2020-04-20T13:36:10+00:00\" \/>\n<meta name=\"twitter:card\" content=\"summary_large_image\" \/>\n<script type=\"application\/ld+json\" class=\"yoast-schema-graph\">{\"@context\":\"https:\/\/schema.org\",\"@graph\":[{\"@type\":\"WebPage\",\"@id\":\"https:\/\/go-ko.pl\/de\/ueber-uns\/\",\"url\":\"https:\/\/go-ko.pl\/de\/ueber-uns\/\",\"name\":\"\u00dcBER UNS - GOKO\",\"isPartOf\":{\"@id\":\"https:\/\/go-ko.pl\/#website\"},\"datePublished\":\"2019-01-21T13:00:23+00:00\",\"dateModified\":\"2020-04-20T13:36:10+00:00\",\"description\":\"Urz\u0105dzenie GOKO powsta\u0142o, by wesprze\u0107 ka\u017cdego cz\u0142owieka w jego drodze do zdrowia i dobrego samopoczucia. Wypr\u00f3buj GOKO, a poczujesz si\u0119 lekko. To dzia\u0142a!\",\"breadcrumb\":{\"@id\":\"https:\/\/go-ko.pl\/de\/ueber-uns\/#breadcrumb\"},\"inLanguage\":\"de\",\"potentialAction\":[{\"@type\":\"ReadAction\",\"target\":[\"https:\/\/go-ko.pl\/de\/ueber-uns\/\"]}]},{\"@type\":\"BreadcrumbList\",\"@id\":\"https:\/\/go-ko.pl\/de\/ueber-uns\/#breadcrumb\",\"itemListElement\":[{\"@type\":\"ListItem\",\"position\":1,\"name\":\"Home\",\"item\":\"https:\/\/go-ko.pl\/\"},{\"@type\":\"ListItem\",\"position\":2,\"name\":\"\u00dcBER UNS\"}]},{\"@type\":\"WebSite\",\"@id\":\"https:\/\/go-ko.pl\/#website\",\"url\":\"https:\/\/go-ko.pl\/\",\"name\":\"GOKO\",\"description\":\"\",\"publisher\":{\"@id\":\"https:\/\/go-ko.pl\/#organization\"},\"potentialAction\":[{\"@type\":\"SearchAction\",\"target\":{\"@type\":\"EntryPoint\",\"urlTemplate\":\"https:\/\/go-ko.pl\/?s={search_term_string}\"},\"query-input\":\"required name=search_term_string\"}],\"inLanguage\":\"de\"},{\"@type\":\"Organization\",\"@id\":\"https:\/\/go-ko.pl\/#organization\",\"name\":\"GOKO\",\"url\":\"https:\/\/go-ko.pl\/\",\"logo\":{\"@type\":\"ImageObject\",\"inLanguage\":\"de\",\"@id\":\"https:\/\/go-ko.pl\/#\/schema\/logo\/image\/\",\"url\":\"https:\/\/go-ko.pl\/wp-content\/uploads\/2019\/04\/GOKO-logo.jpg\",\"contentUrl\":\"https:\/\/go-ko.pl\/wp-content\/uploads\/2019\/04\/GOKO-logo.jpg\",\"width\":790,\"height\":726,\"caption\":\"GOKO\"},\"image\":{\"@id\":\"https:\/\/go-ko.pl\/#\/schema\/logo\/image\/\"}}]}<\/script>\n<!-- \/ Yoast SEO plugin. -->","yoast_head_json":{"title":"\u00dcBER UNS - GOKO","description":"Urz\u0105dzenie GOKO powsta\u0142o, by wesprze\u0107 ka\u017cdego cz\u0142owieka w jego drodze do zdrowia i dobrego samopoczucia. Wypr\u00f3buj GOKO, a poczujesz si\u0119 lekko. To dzia\u0142a!","robots":{"index":"index","follow":"follow","max-snippet":"max-snippet:-1","max-image-preview":"max-image-preview:large","max-video-preview":"max-video-preview:-1"},"canonical":"https:\/\/go-ko.pl\/de\/ueber-uns\/","og_locale":"de_DE","og_type":"article","og_title":"\u00dcBER UNS - GOKO","og_description":"Urz\u0105dzenie GOKO powsta\u0142o, by wesprze\u0107 ka\u017cdego cz\u0142owieka w jego drodze do zdrowia i dobrego samopoczucia. Wypr\u00f3buj GOKO, a poczujesz si\u0119 lekko. To dzia\u0142a!","og_url":"https:\/\/go-ko.pl\/de\/ueber-uns\/","og_site_name":"GOKO","article_modified_time":"2020-04-20T13:36:10+00:00","twitter_card":"summary_large_image","schema":{"@context":"https:\/\/schema.org","@graph":[{"@type":"WebPage","@id":"https:\/\/go-ko.pl\/de\/ueber-uns\/","url":"https:\/\/go-ko.pl\/de\/ueber-uns\/","name":"\u00dcBER UNS - GOKO","isPartOf":{"@id":"https:\/\/go-ko.pl\/#website"},"datePublished":"2019-01-21T13:00:23+00:00","dateModified":"2020-04-20T13:36:10+00:00","description":"Urz\u0105dzenie GOKO powsta\u0142o, by wesprze\u0107 ka\u017cdego cz\u0142owieka w jego drodze do zdrowia i dobrego samopoczucia. Wypr\u00f3buj GOKO, a poczujesz si\u0119 lekko. To dzia\u0142a!","breadcrumb":{"@id":"https:\/\/go-ko.pl\/de\/ueber-uns\/#breadcrumb"},"inLanguage":"de","potentialAction":[{"@type":"ReadAction","target":["https:\/\/go-ko.pl\/de\/ueber-uns\/"]}]},{"@type":"BreadcrumbList","@id":"https:\/\/go-ko.pl\/de\/ueber-uns\/#breadcrumb","itemListElement":[{"@type":"ListItem","position":1,"name":"Home","item":"https:\/\/go-ko.pl\/"},{"@type":"ListItem","position":2,"name":"\u00dcBER UNS"}]},{"@type":"WebSite","@id":"https:\/\/go-ko.pl\/#website","url":"https:\/\/go-ko.pl\/","name":"GOKO","description":"","publisher":{"@id":"https:\/\/go-ko.pl\/#organization"},"potentialAction":[{"@type":"SearchAction","target":{"@type":"EntryPoint","urlTemplate":"https:\/\/go-ko.pl\/?s={search_term_string}"},"query-input":"required name=search_term_string"}],"inLanguage":"de"},{"@type":"Organization","@id":"https:\/\/go-ko.pl\/#organization","name":"GOKO","url":"https:\/\/go-ko.pl\/","logo":{"@type":"ImageObject","inLanguage":"de","@id":"https:\/\/go-ko.pl\/#\/schema\/logo\/image\/","url":"https:\/\/go-ko.pl\/wp-content\/uploads\/2019\/04\/GOKO-logo.jpg","contentUrl":"https:\/\/go-ko.pl\/wp-content\/uploads\/2019\/04\/GOKO-logo.jpg","width":790,"height":726,"caption":"GOKO"},"image":{"@id":"https:\/\/go-ko.pl\/#\/schema\/logo\/image\/"}}]}},"_links":{"self":[{"href":"https:\/\/go-ko.pl\/de\/wp-json\/wp\/v2\/pages\/1354"}],"collection":[{"href":"https:\/\/go-ko.pl\/de\/wp-json\/wp\/v2\/pages"}],"about":[{"href":"https:\/\/go-ko.pl\/de\/wp-json\/wp\/v2\/types\/page"}],"author":[{"embeddable":true,"href":"https:\/\/go-ko.pl\/de\/wp-json\/wp\/v2\/users\/1"}],"replies":[{"embeddable":true,"href":"https:\/\/go-ko.pl\/de\/wp-json\/wp\/v2\/comments?post=1354"}],"version-history":[{"count":4,"href":"https:\/\/go-ko.pl\/de\/wp-json\/wp\/v2\/pages\/1354\/revisions"}],"predecessor-version":[{"id":1622,"href":"https:\/\/go-ko.pl\/de\/wp-json\/wp\/v2\/pages\/1354\/revisions\/1622"}],"wp:attachment":[{"href":"https:\/\/go-ko.pl\/de\/wp-json\/wp\/v2\/media?parent=1354"}],"curies":[{"name":"wp","href":"https:\/\/api.w.org\/{rel}","templated":true}]}}